{"id":2338,"date":"2018-09-26T16:25:50","date_gmt":"2018-09-26T14:25:50","guid":{"rendered":"https:\/\/wordpress.walchhofer.at\/impressum\/"},"modified":"2026-01-19T14:30:31","modified_gmt":"2026-01-19T13:30:31","slug":"credits","status":"publish","type":"page","link":"https:\/\/www.walchhofer.at\/en\/credits\/","title":{"rendered":"Credits"},"content":{"rendered":"<div class=\"vce-row-container\" data-vce-boxed-width=\"true\"><div class=\"vce-row vce-row--col-gap-30 schmal vce-row-content--top\" id=\"el-af15f9dc\" data-vce-do-apply=\"all el-af15f9dc\"><div class=\"vce-content-background-container\"><\/div><div class=\"vce-row-content\" data-vce-element-content=\"true\"><div class=\"vce-col vce-col--md-auto vce-col--xs-1 vce-col--xs-last vce-col--xs-first vce-col--sm-last vce-col--sm-first vce-col--md-last vce-col--lg-last vce-col--xl-last vce-col--md-first vce-col--lg-first vce-col--xl-first\" id=\"el-fe2c3348\"><div class=\"vce-col-inner\" data-vce-do-apply=\"border margin background  el-fe2c3348\"><div class=\"vce-col-content\" data-vce-element-content=\"true\" data-vce-do-apply=\"padding el-fe2c3348\"><div class=\"vce-text-block wie-h2\"><div class=\"vce-text-block-wrapper vce\" id=\"el-7e1fa3b5\" data-vce-do-apply=\"all el-7e1fa3b5\"><h3>Credits<\/h3><\/div><\/div><\/div><\/div><\/div><\/div><\/div><\/div><div class=\"vce-row-container\" data-vce-boxed-width=\"true\"><div class=\"vce-row vce-row--col-gap-30 schmal vce-row-content--top\" id=\"el-2d7093e7\" data-vce-do-apply=\"all el-2d7093e7\"><div class=\"vce-content-background-container\"><\/div><div class=\"vce-row-content\" data-vce-element-content=\"true\"><div class=\"vce-col vce-col--md-auto vce-col--xs-1 vce-col--xs-last vce-col--xs-first vce-col--sm-last vce-col--sm-first vce-col--md-last vce-col--lg-last vce-col--xl-last vce-col--md-first vce-col--lg-first vce-col--xl-first\" id=\"el-2193d7d1\"><div class=\"vce-col-inner\" data-vce-do-apply=\"border margin background  el-2193d7d1\"><div class=\"vce-col-content\" data-vce-element-content=\"true\" data-vce-do-apply=\"padding el-2193d7d1\"><div class=\"vce-row-container\" data-vce-boxed-width=\"true\"><div class=\"vce-row vce-row--col-gap-30 vce-row-content--top\" id=\"el-677a163c\" data-vce-do-apply=\"all el-677a163c\"><div class=\"vce-row-content\" data-vce-element-content=\"true\"><div class=\"vce-col vce-col--md-37p vce-col--xs-1 vce-col--xs-last vce-col--xs-first vce-col--sm-last vce-col--sm-first vce-col--md-first vce-col--lg-first vce-col--xl-first\" id=\"el-8eb4de6e\"><div class=\"vce-col-inner\" data-vce-do-apply=\"border margin background  el-8eb4de6e\"><div class=\"vce-col-content\" data-vce-element-content=\"true\" data-vce-do-apply=\"padding el-8eb4de6e\"><div class=\"vce-text-block\"><div class=\"vce-text-block-wrapper vce\" id=\"el-32edcf3a\" data-vce-do-apply=\"all el-32edcf3a\"><p><strong>Operator of this website<\/strong><\/p>\n<p>Zauchensee Walchhofer GmbH<\/p>\n<p>Zauchensee 12<\/p>\n<p>A-5541 Altenmarkt-Zauchensee<\/p>\n<p>Tel.&nbsp;<a href=\"tel:+4364524012\">+43 6452 4012<\/a><\/p>\n<p><a href=\"mailto:zauchenseehof@walchhofer.at\/\">E-mail senden<\/a><\/p><\/div><\/div><div class=\"vce-text-block\"><div class=\"vce-text-block-wrapper vce\" id=\"el-09c688f8\" data-vce-do-apply=\"all el-09c688f8\"><p><a href=\"https:\/\/firmen.wko.at\/Web\/DetailsKontakt.aspx?FirmaID=8abae831-729e-4d24-9b9f-5b4d5869d324&amp;StandortID=1325&amp;StandortName=Altenmarkt+im+Pongau+(Gemeinde)&amp;Suchbegriff=walchhofer&amp;Page=2\" target=\"_blank\" rel=\"noopener\"><img decoding=\"async\" class=\"alignnone wp-image-50 size-medium\" src=\"https:\/\/www.walchhofer.at\/wp-content\/smush-avif\/2018\/09\/wko-300x45.jpg.avif\" alt=\"\" width=\"300\" height=\"45\" srcset=\"https:\/\/www.walchhofer.at\/wp-content\/smush-avif\/2018\/09\/wko-300x45.jpg.avif 300w, https:\/\/www.walchhofer.at\/wp-content\/smush-avif\/2018\/09\/wko-768x115.jpg.avif 768w, https:\/\/www.walchhofer.at\/wp-content\/smush-avif\/2018\/09\/wko-570x86.jpg.avif 570w, https:\/\/www.walchhofer.at\/wp-content\/smush-avif\/2018\/09\/wko-375x56.jpg.avif 375w, https:\/\/www.walchhofer.at\/wp-content\/smush-avif\/2018\/09\/wko-280x42.jpg.avif 280w, https:\/\/www.walchhofer.at\/wp-content\/smush-avif\/2018\/09\/wko.jpg.avif 1000w\" sizes=\"(max-width: 300px) 100vw, 300px\" \/><\/a><\/p><\/div><\/div><\/div><\/div><\/div><div class=\"vce-col vce-col--md-29p vce-col--xs-1 vce-col--xs-last vce-col--xs-first vce-col--sm-last vce-col--sm-first\" id=\"el-fa2ce244\"><div class=\"vce-col-inner\" data-vce-do-apply=\"border margin background  el-fa2ce244\"><div class=\"vce-col-content\" data-vce-element-content=\"true\" data-vce-do-apply=\"padding el-fa2ce244\"><div class=\"vce-text-block\"><div class=\"vce-text-block-wrapper vce\" id=\"el-939450ef\" data-vce-do-apply=\"all el-939450ef\"><p><strong>Brand concept &amp; marketing<\/strong><\/p>\n<p><strong>brandz<\/strong> | creating outstanding brands<\/p>\n<p><a href=\"mailto:service@brandz.at\">service@brandz.at<\/a><\/p>\n<p><a href=\"https:\/\/www.brandz.at\/\" target=\"_blank\" rel=\"noopener\">brandz.at<\/a><\/p><\/div><\/div><\/div><\/div><\/div><div class=\"vce-col vce-col--md-auto vce-col--xs-1 vce-col--xs-last vce-col--xs-first vce-col--sm-last vce-col--sm-first vce-col--md-last vce-col--lg-last vce-col--xl-last\" id=\"el-9a0cd1ce\"><div class=\"vce-col-inner\" data-vce-do-apply=\"border margin background  el-9a0cd1ce\"><div class=\"vce-col-content\" data-vce-element-content=\"true\" data-vce-do-apply=\"padding el-9a0cd1ce\"><div class=\"vce-text-block\"><div class=\"vce-text-block-wrapper vce\" id=\"el-92592f3a\" data-vce-do-apply=\"all el-92592f3a\"><p><strong>Web design &amp; technical realization<\/strong><\/p>\n<p>IMPULS Werbeagentur OG<\/p>\n<p>Stadtplatz 11<\/p>\n<p>A-5550 Radstadt<\/p>\n<div class=\"vc_row wpb_row vc_row-fluid\">\n<div class=\"wpb_column vc_column_container vc_col-sm-4\">\n<div class=\"vc_column-inner \">\n<div class=\"wpb_wrapper\">\n<div class=\"wpb_text_column wpb_content_element \">\n<div class=\"wpb_wrapper\">\n<p><a href=\"http:\/\/www.impuls-werbeagentur.at\/\" target=\"_blank\" rel=\"noopener noreferrer\">www.impuls-werbeagentur.at<\/a><\/p>\n<\/div>\n<\/div>\n<\/div>\n<\/div>\n<\/div>\n<\/div><\/div><\/div><\/div><\/div><\/div><\/div><\/div><\/div><div class=\"vce-text-block\"><div class=\"vce-text-block-wrapper vce\" id=\"el-c1400d43\" data-vce-do-apply=\"all el-c1400d43\"><p>Diese Webseite wurde von der Full-Service Werbeagentur IMPULS aus Radstadt im Pongau gestaltet, welche mit Leidenschaft erfolgreiche&nbsp;Webauftritte&nbsp;f\u00fcr Unternehmen in Tourismus, Gastronomie, Handel &amp; Handwerk kreiert und umsetzt. Weiters bietet IMPULS den Kunden Printl\u00f6sungen wie Gesch\u00e4ftsausstattung, Inserate, Kataloge, Brosch\u00fcren und Flugbl\u00e4tter an. Suchmaschinenoptimierung, Webshops, Social Marketing, Corporate Design&nbsp;und Outdoor Media z\u00e4hlen ebenfalls zu den Kompetenzen der Werbeagentur im Pongau. Werfen Sie einen Blick in die Web-Referenzen, Druck-und&nbsp;Logo-Referenzen und \u00fcberzeugen Sie sich von den Qualit\u00e4ten.<\/p><\/div><\/div><div class=\"vce-text-block\"><div class=\"vce-text-block-wrapper vce\" id=\"el-ee146e06\" data-vce-do-apply=\"all el-ee146e06\"><p><strong>Photo credits<\/strong><\/p>\n<p>Atelier Gerhard Wolkersdorfer, Nadja Jabli, Michael Walchhofer, Hans Huber, Altenmarkt-Zauchensee Tourismus, Atomic\/Mirja Geh<i>,&nbsp;<\/i>Planpunkt Innenarchitektur und Bau GmbH, www.avisu.at, Shutterstock, Privat<\/p><\/div><\/div><\/div><\/div><\/div><\/div><\/div><\/div><div class=\"vce-row-container\" data-vce-boxed-width=\"true\"><div class=\"vce-row vce-row--col-gap-30 schmal vce-row-content--top\" id=\"el-654b22e5\" data-vce-do-apply=\"all el-654b22e5\"><div class=\"vce-row-content\" data-vce-element-content=\"true\"><div class=\"vce-col vce-col--md-auto vce-col--xs-1 vce-col--xs-last vce-col--xs-first vce-col--sm-last vce-col--sm-first vce-col--md-last vce-col--lg-last vce-col--xl-last vce-col--md-first vce-col--lg-first vce-col--xl-first\" id=\"el-37db6587\"><div class=\"vce-col-inner\" data-vce-do-apply=\"border margin background  el-37db6587\"><div class=\"vce-col-content\" data-vce-element-content=\"true\" data-vce-do-apply=\"padding el-37db6587\"><div class=\"vce-text-block\"><div class=\"vce-text-block-wrapper vce\" id=\"el-c857084d\" data-vce-do-apply=\"all el-c857084d\"><h3>Haftungsausschluss<\/h3><\/div><\/div><div class=\"vce-text-block\"><div class=\"vce-text-block-wrapper vce\" id=\"el-1a866ef3\" data-vce-do-apply=\"all el-1a866ef3\"><p><strong>Inhalt des Onlineangebotes<\/strong><\/p><p>Der Autor \u00fcbernimmt keinerlei Gew\u00e4hr f\u00fcr die Aktualit\u00e4t, Korrektheit, Vollst\u00e4ndigkeit oder Qualit\u00e4t der bereitgestellten Informationen. Haftungsanspr\u00fcche gegen den Autor, welche sich auf Sch\u00e4den materieller oder ideeller Art beziehen, die durch die Nutzung oder Nichtnutzung der dargebotenen Informationen bzw. durch die Nutzung fehlerhafter und unvollst\u00e4ndiger Informationen verursacht wurden, sind grunds\u00e4tzlich ausgeschlossen, sofern seitens des Autors kein nachweislich vors\u00e4tzliches oder grob fahrl\u00e4ssiges Verschulden vorliegt. Alle Angebote sind freibleibend und unverbindlich.&nbsp; Der Autor beh\u00e4lt es sich ausdr\u00fccklich vor, Teile der Seiten oder das gesamte Angebot ohne gesonderte Ank\u00fcndigung zu ver\u00e4ndern, zu erg\u00e4nzen, zu l\u00f6schen oder die Ver\u00f6ffentlichung zeitweise oder endg\u00fcltig einzustellen.<\/p><p>&nbsp;<\/p><p><strong>Verweise und Links<\/strong><\/p><p>Bei direkten oder indirekten Verweisen auf fremde Internetseiten (\u201cLinks\u201d), die au\u00dferhalb des Verantwortungsbereiches des Autors liegen, w\u00fcrde eine Haftungsverpflichtung ausschlie\u00dflich in dem Fall in Kraft treten, in dem der Autor von den Inhalten Kenntnis hat und es ihm technisch m\u00f6glich und zumutbar w\u00e4re, die Nutzung im Falle rechtswidriger Inhalte zu verhindern. Der Autor erkl\u00e4rt hiermit ausdr\u00fccklich, dass zum Zeitpunkt der Linksetzung keine illegalen Inhalte auf den zu verlinkenden Seiten erkennbar waren. Auf die aktuelle und zuk\u00fcnftige Gestaltung, die Inhalte oder die Urheberschaft der gelinkten\/verkn\u00fcpften Seiten hat der Autor keinerlei Einfluss. Deshalb distanziert er sich hiermit ausdr\u00fccklich von allen Inhalten aller gelinkten\/verkn\u00fcpften Seiten, die nach der Linksetzung ver\u00e4ndert wurden. Diese Feststellung gilt f\u00fcr alle innerhalb des eigenen Internetangebotes gesetzten Links und Verweise sowie f\u00fcr Fremdeintr\u00e4ge in vom Autor eingerichteten G\u00e4steb\u00fcchern, Diskussionsforen und Mailinglisten. F\u00fcr illegale, fehlerhafte oder unvollst\u00e4ndige Inhalte und insbesondere f\u00fcr Sch\u00e4den, die aus der Nutzung oder Nichtnutzung solcherart dargebotener Informationen entstehen, haftet allein der Anbieter der Seite, auf welche verwiesen wurde, nicht derjenige, der \u00fcber Links auf die jeweilige Ver\u00f6ffentlichung lediglich verweist.<\/p><p>&nbsp;<\/p><p><strong>Urheber- und Kennzeichenrecht<\/strong><\/p><p>Der Autor ist bestrebt, in allen Publikationen die Urheberrechte der verwendeten Grafiken, Tondokumente, Videosequenzen und Texte zu beachten, von ihm selbst erstellte Grafiken, Tondokumente, Videosequenzen und Texte zu nutzen oder auf lizenzfreie Grafiken, Tondokumente, Videosequenzen und Texte zur\u00fcckzugreifen. Alle innerhalb des Internetangebotes genannten und ggf. durch Dritte gesch\u00fctzten Marken- und Warenzeichen unterliegen uneingeschr\u00e4nkt den Bestimmungen des jeweils g\u00fcltigen Kennzeichenrechts und den Besitzrechten der jeweiligen eingetragenen Eigent\u00fcmer. Allein aufgrund der blo\u00dfen Nennung ist nicht der Schluss zu ziehen, dass Markenzeichen nicht durch Rechte Dritter gesch\u00fctzt sind! Das Copyright f\u00fcr ver\u00f6ffentlichte, vom Autor selbst erstellte Objekte bleibt allein beim Autor der Seiten. Eine Vervielf\u00e4ltigung oder Verwendung solcher Grafiken, Tondokumente, Videosequenzen und Texte in anderen elektronischen oder gedruckten Publikationen ist ohne ausdr\u00fcckliche Zustimmung des Autors nicht gestattet.<\/p><p>&nbsp;<\/p><p><strong>Rechtswirksamkeit dieses Haftungsausschlusses<\/strong><\/p><p>Dieser Haftungsausschluss ist als Teil des Internetangebotes zu betrachten, von dem aus auf diese Seite verwiesen wurde. Sofern Teile oder einzelne Formulierungen dieses Textes der geltenden Rechtslage nicht, nicht mehr oder nicht vollst\u00e4ndig entsprechen sollten, bleiben die \u00fcbrigen Teile des Dokumentes in ihrem Inhalt und ihrer G\u00fcltigkeit davon unber\u00fchrt.<\/p><p>&nbsp;<\/p><p><strong>W3C<\/strong><\/p><p>Diese Homepage entspricht den Richtlinien der W3C.<\/p><\/div><\/div><\/div><\/div><\/div><\/div><\/div><\/div>\n","protected":false},"excerpt":{"rendered":"<p>CreditsOperator of this website Zauchensee Walchhofer GmbH Zauchensee 12 A-5541 Altenmarkt-Zauchensee Tel.&nbsp;+43 6452 4012 E-mail sendenBrand concept &amp; marketing brandz | creating outstanding brands service@brandz.at brandz.atWeb design &amp; technical realization IMPULS Werbeagentur OG Stadtplatz 11 A-5550 Radstadt www.impuls-werbeagentur.at Diese Webseite wurde von der Full-Service Werbeagentur IMPULS aus Radstadt im Pongau gestaltet, welche mit Leidenschaft erfolgreiche&nbsp;Webauftritte&nbsp;f\u00fcr [&hellip;]<\/p>\n","protected":false},"author":1,"featured_media":0,"parent":0,"menu_order":2,"comment_status":"closed","ping_status":"closed","template":"","meta":{"_acf_changed":false,"footnotes":""},"class_list":["post-2338","page","type-page","status-publish","hentry"],"acf":[],"_links":{"self":[{"href":"https:\/\/www.walchhofer.at\/en\/wp-json\/wp\/v2\/pages\/2338","targetHints":{"allow":["GET"]}}],"collection":[{"href":"https:\/\/www.walchhofer.at\/en\/wp-json\/wp\/v2\/pages"}],"about":[{"href":"https:\/\/www.walchhofer.at\/en\/wp-json\/wp\/v2\/types\/page"}],"author":[{"embeddable":true,"href":"https:\/\/www.walchhofer.at\/en\/wp-json\/wp\/v2\/users\/1"}],"replies":[{"embeddable":true,"href":"https:\/\/www.walchhofer.at\/en\/wp-json\/wp\/v2\/comments?post=2338"}],"version-history":[{"count":0,"href":"https:\/\/www.walchhofer.at\/en\/wp-json\/wp\/v2\/pages\/2338\/revisions"}],"wp:attachment":[{"href":"https:\/\/www.walchhofer.at\/en\/wp-json\/wp\/v2\/media?parent=2338"}],"curies":[{"name":"wp","href":"https:\/\/api.w.org\/{rel}","templated":true}]}}